{"id":506,"date":"2018-10-03T12:38:52","date_gmt":"2018-10-03T09:38:52","guid":{"rendered":"https:\/\/www.napakoli.fi\/galleria\/"},"modified":"2019-08-15T12:46:39","modified_gmt":"2019-08-15T09:46:39","slug":"gallery","status":"publish","type":"page","link":"https:\/\/www.napakoli.fi\/en\/gallery\/","title":{"rendered":"Gallery"},"content":{"rendered":"<p>[et_pb_section fb_built=&#8221;1&#8243; fullwidth=&#8221;on&#8221; _builder_version=&#8221;3.22.3&#8243;][et_pb_fullwidth_slider show_image_video_mobile=&#8221;on&#8221; _builder_version=&#8221;3.22.4&#8243; custom_padding=&#8221;||231px|||&#8221; animation_style=&#8221;fade&#8221; auto=&#8221;on&#8221; button_text_size__hover_enabled=&#8221;off&#8221; button_text_size__hover=&#8221;null&#8221; button_one_text_size__hover_enabled=&#8221;off&#8221; button_one_text_size__hover=&#8221;null&#8221; button_two_text_size__hover_enabled=&#8221;off&#8221; button_two_text_size__hover=&#8221;null&#8221; button_text_color__hover_enabled=&#8221;off&#8221; button_text_color__hover=&#8221;null&#8221; button_one_text_color__hover_enabled=&#8221;off&#8221; button_one_text_color__hover=&#8221;null&#8221; button_two_text_color__hover_enabled=&#8221;off&#8221; button_two_text_color__hover=&#8221;null&#8221; button_border_width__hover_enabled=&#8221;off&#8221; button_border_width__hover=&#8221;null&#8221; button_one_border_width__hover_enabled=&#8221;off&#8221; button_one_border_width__hover=&#8221;null&#8221; button_two_border_width__hover_enabled=&#8221;off&#8221; button_two_border_width__hover=&#8221;null&#8221; button_border_color__hover_enabled=&#8221;off&#8221; button_border_color__hover=&#8221;null&#8221; button_one_border_color__hover_enabled=&#8221;off&#8221; button_one_border_color__hover=&#8221;null&#8221; button_two_border_color__hover_enabled=&#8221;off&#8221; button_two_border_color__hover=&#8221;null&#8221; button_border_radius__hover_enabled=&#8221;off&#8221; button_border_radius__hover=&#8221;null&#8221; button_one_border_radius__hover_enabled=&#8221;off&#8221; button_one_border_radius__hover=&#8221;null&#8221; button_two_border_radius__hover_enabled=&#8221;off&#8221; button_two_border_radius__hover=&#8221;null&#8221; button_letter_spacing__hover_enabled=&#8221;off&#8221; button_letter_spacing__hover=&#8221;null&#8221; button_one_letter_spacing__hover_enabled=&#8221;off&#8221; button_one_letter_spacing__hover=&#8221;null&#8221; button_two_letter_spacing__hover_enabled=&#8221;off&#8221; button_two_letter_spacing__hover=&#8221;null&#8221; button_bg_color__hover_enabled=&#8221;off&#8221; button_bg_color__hover=&#8221;null&#8221; button_one_bg_color__hover_enabled=&#8221;off&#8221; button_one_bg_color__hover=&#8221;null&#8221; button_two_bg_color__hover_enabled=&#8221;off&#8221; button_two_bg_color__hover=&#8221;null&#8221;][et_pb_slide heading=&#8221;OUR REFERENCES IN PICTURES&#8221; use_text_overlay=&#8221;on&#8221; text_overlay_color=&#8221;rgba(12,113,195,0.23)&#8221; text_border_radius=&#8221;3px&#8221; _builder_version=&#8221;3.22.4&#8243; body_font=&#8221;||||||||&#8221; background_image=&#8221;https:\/\/www.napakoli.fi\/wp-content\/uploads\/Koli-Cultura_villas_2019_JKMMArchitects_web_banner.jpg&#8221; custom_padding=&#8221;|||||true&#8221; custom_padding_tablet=&#8221;||||true|true&#8221; custom_padding_phone=&#8221;||||true|true&#8221; custom_padding_last_edited=&#8221;on|phone&#8221; button_text_size__hover_enabled=&#8221;off&#8221; button_one_text_size__hover_enabled=&#8221;off&#8221; button_two_text_size__hover_enabled=&#8221;off&#8221; button_text_color__hover_enabled=&#8221;off&#8221; button_one_text_color__hover_enabled=&#8221;off&#8221; button_two_text_color__hover_enabled=&#8221;off&#8221; button_border_width__hover_enabled=&#8221;off&#8221; button_one_border_width__hover_enabled=&#8221;off&#8221; button_two_border_width__hover_enabled=&#8221;off&#8221; button_border_color__hover_enabled=&#8221;off&#8221; button_one_border_color__hover_enabled=&#8221;off&#8221; button_two_border_color__hover_enabled=&#8221;off&#8221; button_border_radius__hover_enabled=&#8221;off&#8221; button_one_border_radius__hover_enabled=&#8221;off&#8221; button_two_border_radius__hover_enabled=&#8221;off&#8221; button_letter_spacing__hover_enabled=&#8221;off&#8221; button_one_letter_spacing__hover_enabled=&#8221;off&#8221; button_two_letter_spacing__hover_enabled=&#8221;off&#8221; button_bg_color__hover_enabled=&#8221;off&#8221; button_one_bg_color__hover_enabled=&#8221;off&#8221; button_two_bg_color__hover_enabled=&#8221;off&#8221;]<\/p>\n<p>small glances at our projects in the areas of tourism, construction and renovation<\/p>\n<p>[\/et_pb_slide][et_pb_slide heading=&#8221;OUR REFERENCES IN PICTURES&#8221; use_text_overlay=&#8221;on&#8221; text_overlay_color=&#8221;rgba(12,113,195,0.23)&#8221; text_border_radius=&#8221;3px&#8221; _builder_version=&#8221;3.22.4&#8243; body_font=&#8221;||||||||&#8221; background_image=&#8221;https:\/\/www.napakoli.fi\/wp-content\/uploads\/mv_Koli-Cultura_villas_2019_JKMMArchitects_web_banner.jpg&#8221; custom_padding=&#8221;|||||true&#8221; custom_padding_tablet=&#8221;||||true|true&#8221; custom_padding_phone=&#8221;||||true|true&#8221; custom_padding_last_edited=&#8221;on|phone&#8221; button_text_size__hover_enabled=&#8221;off&#8221; button_one_text_size__hover_enabled=&#8221;off&#8221; button_two_text_size__hover_enabled=&#8221;off&#8221; button_text_color__hover_enabled=&#8221;off&#8221; button_one_text_color__hover_enabled=&#8221;off&#8221; button_two_text_color__hover_enabled=&#8221;off&#8221; button_border_width__hover_enabled=&#8221;off&#8221; button_one_border_width__hover_enabled=&#8221;off&#8221; button_two_border_width__hover_enabled=&#8221;off&#8221; button_border_color__hover_enabled=&#8221;off&#8221; button_one_border_color__hover_enabled=&#8221;off&#8221; button_two_border_color__hover_enabled=&#8221;off&#8221; button_border_radius__hover_enabled=&#8221;off&#8221; button_one_border_radius__hover_enabled=&#8221;off&#8221; button_two_border_radius__hover_enabled=&#8221;off&#8221; button_letter_spacing__hover_enabled=&#8221;off&#8221; button_one_letter_spacing__hover_enabled=&#8221;off&#8221; button_two_letter_spacing__hover_enabled=&#8221;off&#8221; button_bg_color__hover_enabled=&#8221;off&#8221; button_one_bg_color__hover_enabled=&#8221;off&#8221; button_two_bg_color__hover_enabled=&#8221;off&#8221;]<\/p>\n<p>small glances at our projects in the areas of tourism, construction and renovation<\/p>\n<p>[\/et_pb_slide][\/et_pb_fullwidth_slider][\/et_pb_section][et_pb_section fb_built=&#8221;1&#8243; inner_shadow=&#8221;on&#8221; admin_label=&#8221;section&#8221; _builder_version=&#8221;3.26.7&#8243; border_color_all=&#8221;rgba(0,0,0,0)&#8221; border_style_all=&#8221;none&#8221; custom_padding=&#8221;14px|0px|11px|0px|false|false&#8221;][et_pb_row use_custom_gutter=&#8221;on&#8221; gutter_width=&#8221;1&#8243; module_class=&#8221; et_pb_row_fullwidth&#8221; _builder_version=&#8221;3.26.7&#8243; border_color_all=&#8221;rgba(0,0,0,0)&#8221; width=&#8221;100%&#8221; width_tablet=&#8221;100%&#8221; width_last_edited=&#8221;on|desktop&#8221; max_width=&#8221;100%&#8221; max_width_tablet=&#8221;100%&#8221; max_width_last_edited=&#8221;on|desktop&#8221; custom_padding=&#8221;0|0px|0|0px|false|false&#8221; make_fullwidth=&#8221;on&#8221;][et_pb_column type=&#8221;4_4&#8243; _builder_version=&#8221;3.25&#8243; custom_padding=&#8221;|||&#8221; custom_padding__hover=&#8221;|||&#8221;][et_pb_gallery gallery_ids=&#8221;1371,1341,1343,1331,1333,1315,1319,1337,1353,1307,1309,1311,1313,1323,1325,1327,1329,1345,1349,1351,1355,1357,1359,1361,1713,1715,1717,1719,1721,1363,1365,1367,1369,1373,1375,1377,1379,1381,1383,1385,1387,1389,1391&#8243; posts_number=&#8221;50&#8243; show_title_and_caption=&#8221;off&#8221; show_pagination=&#8221;off&#8221; disabled_on=&#8221;off|off|off&#8221; _builder_version=&#8221;3.22.4&#8243; pagination_font=&#8221;||||||||&#8221; border_width_all_image=&#8221;1px&#8221; border_color_all_image=&#8221;#ffffff&#8221; max_width=&#8221;67%&#8221; module_alignment=&#8221;center&#8221; min_height=&#8221;2194px&#8221; custom_padding=&#8221;44px|||||&#8221; child_mix_blend_mode=&#8221;overlay&#8221;]&nbsp;[\/et_pb_gallery][\/et_pb_column][\/et_pb_row][\/et_pb_section][et_pb_section fb_built=&#8221;1&#8243; _builder_version=&#8221;3.22&#8243; custom_margin=&#8221;31px|||||&#8221; custom_padding=&#8221;54px|0|54px|0px|false|false&#8221; top_divider_style=&#8221;arrow&#8221; top_divider_color=&#8221;rgba(0,0,0,0.02)&#8221; top_divider_height=&#8221;59px&#8221;][et_pb_row column_structure=&#8221;1_2,1_2&#8243; _builder_version=&#8221;3.25&#8243; custom_padding=&#8221;27px|0px|27px|0px|false|false&#8221;][et_pb_column type=&#8221;1_2&#8243; _builder_version=&#8221;3.25&#8243; custom_padding=&#8221;|||&#8221; custom_padding__hover=&#8221;|||&#8221;][et_pb_text _builder_version=&#8221;3.22.4&#8243; custom_padding=&#8221;0px|||1px||&#8221; link_option_url=&#8221;http:\/\/www.kolicultura.fi\/en&#8221; link_option_url_new_window=&#8221;on&#8221;]<\/p>\n<h2><strong>Investment property Koli Cultura<\/strong><\/h2>\n<p><strong><\/strong><\/p>\n<p>[\/et_pb_text][et_pb_image src=&#8221;https:\/\/www.napakoli.fi\/wp-content\/uploads\/Arkkitehtuuri-banneri-I.jpg&#8221; url=&#8221;http:\/\/www.kolicultura.fi\/en&#8221; url_new_window=&#8221;on&#8221; align_tablet=&#8221;center&#8221; align_last_edited=&#8221;on|desktop&#8221; _builder_version=&#8221;3.23&#8243;]<\/p>\n<p>&nbsp;<\/p>\n<p>[\/et_pb_image][et_pb_text _builder_version=&#8221;3.22.4&#8243; custom_padding=&#8221;|||1px||&#8221;]<\/p>\n<p>An investment destination and becoming center for responsible nature tourism. Located in the middle of the most beautiful Finnish Lakeland. Right next to the world famous Koli National Park, with over 15% annual growth.<\/p>\n<p>[\/et_pb_text][et_pb_button button_url=&#8221;http:\/\/www.kolicultura.fi\/en&#8221; url_new_window=&#8221;on&#8221; button_text=&#8221;Read more&#8221; button_alignment=&#8221;left&#8221; _builder_version=&#8221;3.22.4&#8243; custom_button=&#8221;on&#8221; button_text_size=&#8221;12px&#8221; button_text_color=&#8221;#474747&#8243; button_border_width=&#8221;0px&#8221; button_font=&#8221;|700|||||||&#8221; button_icon=&#8221;%%28%%&#8221; box_shadow_style=&#8221;preset3&#8243; custom_padding=&#8221;|40px||40px&#8221; animation_style=&#8221;fold&#8221; button_text_size_last_edited=&#8221;on|desktop&#8221; button_text_size__hover_enabled=&#8221;off&#8221; button_one_text_size__hover_enabled=&#8221;off&#8221; button_two_text_size__hover_enabled=&#8221;off&#8221; button_text_color__hover_enabled=&#8221;off&#8221; button_one_text_color__hover_enabled=&#8221;off&#8221; button_two_text_color__hover_enabled=&#8221;off&#8221; button_border_width__hover_enabled=&#8221;off&#8221; button_one_border_width__hover_enabled=&#8221;off&#8221; button_two_border_width__hover_enabled=&#8221;off&#8221; button_border_color__hover_enabled=&#8221;off&#8221; button_one_border_color__hover_enabled=&#8221;off&#8221; button_two_border_color__hover_enabled=&#8221;off&#8221; button_border_radius__hover_enabled=&#8221;off&#8221; button_one_border_radius__hover_enabled=&#8221;off&#8221; button_two_border_radius__hover_enabled=&#8221;off&#8221; button_letter_spacing__hover_enabled=&#8221;off&#8221; button_one_letter_spacing__hover_enabled=&#8221;off&#8221; button_two_letter_spacing__hover_enabled=&#8221;off&#8221; button_bg_color__hover_enabled=&#8221;off&#8221; button_one_bg_color__hover_enabled=&#8221;off&#8221; button_two_bg_color__hover_enabled=&#8221;off&#8221;]<\/p>\n<p>&nbsp;<\/p>\n<p>[\/et_pb_button][\/et_pb_column][et_pb_column type=&#8221;1_2&#8243; _builder_version=&#8221;3.25&#8243; custom_padding=&#8221;|||&#8221; custom_padding__hover=&#8221;|||&#8221;][et_pb_text _builder_version=&#8221;3.22.4&#8243; link_option_url=&#8221;http:\/\/www.arikoli.fi&#8221; link_option_url_new_window=&#8221;on&#8221;]<\/p>\n<h2><strong>Check out our sister company<\/strong><\/h2>\n<p>[\/et_pb_text][et_pb_image src=&#8221;https:\/\/www.napakoli.fi\/wp-content\/uploads\/Arikoli.jpg&#8221; url=&#8221;http:\/\/www.arikoli.fi&#8221; url_new_window=&#8221;on&#8221; align_tablet=&#8221;center&#8221; align_last_edited=&#8221;on|desktop&#8221; _builder_version=&#8221;3.23&#8243;]<\/p>\n<p>&nbsp;<\/p>\n<p>[\/et_pb_image][et_pb_text _builder_version=&#8221;3.22.4&#8243;]<\/p>\n<pre class=\"tw-data-text tw-ta tw-text-small\" data-placeholder=\"K\u00e4\u00e4nn\u00f6s\" id=\"tw-target-text\" data-fulltext=\"\" dir=\"ltr\"><span face=\"Open Sans, Arial, sans-serif\" style=\"font-family: 'Open Sans', Arial, sans-serif;\"><\/span><\/pre>\n<p>Construction company Arikoli is a top expert in valuable real estate and sustainable construction. A company that renovates old and builds new ones. It has been building responsibly and successfully for over 15 years.<\/p>\n<p>[\/et_pb_text][et_pb_button button_url=&#8221;http:\/\/www.arikoli.fi&#8221; url_new_window=&#8221;on&#8221; button_text=&#8221;Read more&#8221; button_alignment=&#8221;left&#8221; _builder_version=&#8221;3.22.4&#8243; custom_button=&#8221;on&#8221; button_text_size=&#8221;12px&#8221; button_text_color=&#8221;#474747&#8243; button_border_width=&#8221;0px&#8221; button_font=&#8221;|700|||||||&#8221; button_icon=&#8221;%%28%%&#8221; box_shadow_style=&#8221;preset3&#8243; custom_padding=&#8221;|40px||40px&#8221; animation_style=&#8221;fold&#8221; button_text_size_last_edited=&#8221;on|desktop&#8221; button_text_size__hover_enabled=&#8221;off&#8221; button_one_text_size__hover_enabled=&#8221;off&#8221; button_two_text_size__hover_enabled=&#8221;off&#8221; button_text_color__hover_enabled=&#8221;off&#8221; button_one_text_color__hover_enabled=&#8221;off&#8221; button_two_text_color__hover_enabled=&#8221;off&#8221; button_border_width__hover_enabled=&#8221;off&#8221; button_one_border_width__hover_enabled=&#8221;off&#8221; button_two_border_width__hover_enabled=&#8221;off&#8221; button_border_color__hover_enabled=&#8221;off&#8221; button_one_border_color__hover_enabled=&#8221;off&#8221; button_two_border_color__hover_enabled=&#8221;off&#8221; button_border_radius__hover_enabled=&#8221;off&#8221; button_one_border_radius__hover_enabled=&#8221;off&#8221; button_two_border_radius__hover_enabled=&#8221;off&#8221; button_letter_spacing__hover_enabled=&#8221;off&#8221; button_one_letter_spacing__hover_enabled=&#8221;off&#8221; button_two_letter_spacing__hover_enabled=&#8221;off&#8221; button_bg_color__hover_enabled=&#8221;off&#8221; button_one_bg_color__hover_enabled=&#8221;off&#8221; button_two_bg_color__hover_enabled=&#8221;off&#8221;]<\/p>\n<p>&nbsp;<\/p>\n<p>[\/et_pb_button][\/et_pb_column][\/et_pb_row][\/et_pb_section]<\/p>\n","protected":false},"excerpt":{"rendered":"<p>small glances at our projects in the areas of tourism, construction and renovationsmall glances at our projects in the areas of tourism, construction and renovation&nbsp;Investment property Koli Cultura &nbsp;An investment destination and becoming center for responsible nature tourism. Located in the middle of the most beautiful Finnish Lakeland. Right next to the world famous Koli [&hellip;]<\/p>\n","protected":false},"author":1,"featured_media":0,"parent":0,"menu_order":0,"comment_status":"closed","ping_status":"closed","template":"","meta":{"_et_pb_use_builder":"on","_et_pb_old_content":"","_et_gb_content_width":"","footnotes":""},"class_list":["post-506","page","type-page","status-publish","hentry"],"yoast_head":"<!-- This site is optimized with the Yoast SEO plugin v27.1.1 - https:\/\/yoast.com\/product\/yoast-seo-wordpress\/ -->\n<title>Our referencies in pictures - small glances at our projects<\/title>\n<meta name=\"description\" content=\"Our referencies in pictures - small glances at our projects in the areas of tourism, construction and renovation.\" \/>\n<meta name=\"robots\" content=\"index, follow, max-snippet:-1, max-image-preview:large, max-video-preview:-1\" \/>\n<link rel=\"canonical\" href=\"https:\/\/www.napakoli.fi\/en\/gallery\/\" \/>\n<meta property=\"og:locale\" content=\"en_US\" \/>\n<meta property=\"og:type\" content=\"article\" \/>\n<meta property=\"og:title\" content=\"Our referencies in pictures - small glances at our projects\" \/>\n<meta property=\"og:description\" content=\"Our referencies in pictures - small glances at our projects in the areas of tourism, construction and renovation.\" \/>\n<meta property=\"og:url\" content=\"https:\/\/www.napakoli.fi\/en\/gallery\/\" \/>\n<meta property=\"og:site_name\" content=\"Napa-Koli Oy\" \/>\n<meta property=\"article:publisher\" content=\"https:\/\/www.facebook.com\/kolicultura\/\" \/>\n<meta property=\"article:modified_time\" content=\"2019-08-15T09:46:39+00:00\" \/>\n<meta name=\"twitter:label1\" content=\"Est. reading time\" \/>\n\t<meta name=\"twitter:data1\" content=\"8 minutes\" \/>\n<script type=\"application\/ld+json\" class=\"yoast-schema-graph\">{\"@context\":\"https:\/\/schema.org\",\"@graph\":[{\"@type\":\"WebPage\",\"@id\":\"https:\/\/www.napakoli.fi\/en\/gallery\/\",\"url\":\"https:\/\/www.napakoli.fi\/en\/gallery\/\",\"name\":\"Our referencies in pictures - small glances at our projects\",\"isPartOf\":{\"@id\":\"https:\/\/www.napakoli.fi\/#website\"},\"datePublished\":\"2018-10-03T09:38:52+00:00\",\"dateModified\":\"2019-08-15T09:46:39+00:00\",\"description\":\"Our referencies in pictures - small glances at our projects in the areas of tourism, construction and renovation.\",\"breadcrumb\":{\"@id\":\"https:\/\/www.napakoli.fi\/en\/gallery\/#breadcrumb\"},\"inLanguage\":\"en-US\",\"potentialAction\":[{\"@type\":\"ReadAction\",\"target\":[\"https:\/\/www.napakoli.fi\/en\/gallery\/\"]}]},{\"@type\":\"BreadcrumbList\",\"@id\":\"https:\/\/www.napakoli.fi\/en\/gallery\/#breadcrumb\",\"itemListElement\":[{\"@type\":\"ListItem\",\"position\":1,\"name\":\"Home\",\"item\":\"https:\/\/www.napakoli.fi\/\"},{\"@type\":\"ListItem\",\"position\":2,\"name\":\"Gallery\"}]},{\"@type\":\"WebSite\",\"@id\":\"https:\/\/www.napakoli.fi\/#website\",\"url\":\"https:\/\/www.napakoli.fi\/\",\"name\":\"Napa-Koli Oy\",\"description\":\"Kest\u00e4v\u00e4n rakentamisen ja matkailun tekij\u00e4\",\"publisher\":{\"@id\":\"https:\/\/www.napakoli.fi\/#organization\"},\"potentialAction\":[{\"@type\":\"SearchAction\",\"target\":{\"@type\":\"EntryPoint\",\"urlTemplate\":\"https:\/\/www.napakoli.fi\/?s={search_term_string}\"},\"query-input\":{\"@type\":\"PropertyValueSpecification\",\"valueRequired\":true,\"valueName\":\"search_term_string\"}}],\"inLanguage\":\"en-US\"},{\"@type\":\"Organization\",\"@id\":\"https:\/\/www.napakoli.fi\/#organization\",\"name\":\"Napakoli Oy\",\"url\":\"https:\/\/www.napakoli.fi\/\",\"logo\":{\"@type\":\"ImageObject\",\"inLanguage\":\"en-US\",\"@id\":\"https:\/\/www.napakoli.fi\/#\/schema\/logo\/image\/\",\"url\":\"https:\/\/www.napakoli.fi\/wp-content\/uploads\/2018\/09\/logo.jpg\",\"contentUrl\":\"https:\/\/www.napakoli.fi\/wp-content\/uploads\/2018\/09\/logo.jpg\",\"width\":315,\"height\":31,\"caption\":\"Napakoli Oy\"},\"image\":{\"@id\":\"https:\/\/www.napakoli.fi\/#\/schema\/logo\/image\/\"},\"sameAs\":[\"https:\/\/www.facebook.com\/kolicultura\/\",\"https:\/\/www.instagram.com\/napakoli\/?hl=fi\"]}]}<\/script>\n<!-- \/ Yoast SEO plugin. -->","yoast_head_json":{"title":"Our referencies in pictures - small glances at our projects","description":"Our referencies in pictures - small glances at our projects in the areas of tourism, construction and renovation.","robots":{"index":"index","follow":"follow","max-snippet":"max-snippet:-1","max-image-preview":"max-image-preview:large","max-video-preview":"max-video-preview:-1"},"canonical":"https:\/\/www.napakoli.fi\/en\/gallery\/","og_locale":"en_US","og_type":"article","og_title":"Our referencies in pictures - small glances at our projects","og_description":"Our referencies in pictures - small glances at our projects in the areas of tourism, construction and renovation.","og_url":"https:\/\/www.napakoli.fi\/en\/gallery\/","og_site_name":"Napa-Koli Oy","article_publisher":"https:\/\/www.facebook.com\/kolicultura\/","article_modified_time":"2019-08-15T09:46:39+00:00","twitter_misc":{"Est. reading time":"8 minutes"},"schema":{"@context":"https:\/\/schema.org","@graph":[{"@type":"WebPage","@id":"https:\/\/www.napakoli.fi\/en\/gallery\/","url":"https:\/\/www.napakoli.fi\/en\/gallery\/","name":"Our referencies in pictures - small glances at our projects","isPartOf":{"@id":"https:\/\/www.napakoli.fi\/#website"},"datePublished":"2018-10-03T09:38:52+00:00","dateModified":"2019-08-15T09:46:39+00:00","description":"Our referencies in pictures - small glances at our projects in the areas of tourism, construction and renovation.","breadcrumb":{"@id":"https:\/\/www.napakoli.fi\/en\/gallery\/#breadcrumb"},"inLanguage":"en-US","potentialAction":[{"@type":"ReadAction","target":["https:\/\/www.napakoli.fi\/en\/gallery\/"]}]},{"@type":"BreadcrumbList","@id":"https:\/\/www.napakoli.fi\/en\/gallery\/#breadcrumb","itemListElement":[{"@type":"ListItem","position":1,"name":"Home","item":"https:\/\/www.napakoli.fi\/"},{"@type":"ListItem","position":2,"name":"Gallery"}]},{"@type":"WebSite","@id":"https:\/\/www.napakoli.fi\/#website","url":"https:\/\/www.napakoli.fi\/","name":"Napa-Koli Oy","description":"Kest\u00e4v\u00e4n rakentamisen ja matkailun tekij\u00e4","publisher":{"@id":"https:\/\/www.napakoli.fi\/#organization"},"potentialAction":[{"@type":"SearchAction","target":{"@type":"EntryPoint","urlTemplate":"https:\/\/www.napakoli.fi\/?s={search_term_string}"},"query-input":{"@type":"PropertyValueSpecification","valueRequired":true,"valueName":"search_term_string"}}],"inLanguage":"en-US"},{"@type":"Organization","@id":"https:\/\/www.napakoli.fi\/#organization","name":"Napakoli Oy","url":"https:\/\/www.napakoli.fi\/","logo":{"@type":"ImageObject","inLanguage":"en-US","@id":"https:\/\/www.napakoli.fi\/#\/schema\/logo\/image\/","url":"https:\/\/www.napakoli.fi\/wp-content\/uploads\/2018\/09\/logo.jpg","contentUrl":"https:\/\/www.napakoli.fi\/wp-content\/uploads\/2018\/09\/logo.jpg","width":315,"height":31,"caption":"Napakoli Oy"},"image":{"@id":"https:\/\/www.napakoli.fi\/#\/schema\/logo\/image\/"},"sameAs":["https:\/\/www.facebook.com\/kolicultura\/","https:\/\/www.instagram.com\/napakoli\/?hl=fi"]}]}},"_links":{"self":[{"href":"https:\/\/www.napakoli.fi\/en\/wp-json\/wp\/v2\/pages\/506","targetHints":{"allow":["GET"]}}],"collection":[{"href":"https:\/\/www.napakoli.fi\/en\/wp-json\/wp\/v2\/pages"}],"about":[{"href":"https:\/\/www.napakoli.fi\/en\/wp-json\/wp\/v2\/types\/page"}],"author":[{"embeddable":true,"href":"https:\/\/www.napakoli.fi\/en\/wp-json\/wp\/v2\/users\/1"}],"replies":[{"embeddable":true,"href":"https:\/\/www.napakoli.fi\/en\/wp-json\/wp\/v2\/comments?post=506"}],"version-history":[{"count":2,"href":"https:\/\/www.napakoli.fi\/en\/wp-json\/wp\/v2\/pages\/506\/revisions"}],"predecessor-version":[{"id":1983,"href":"https:\/\/www.napakoli.fi\/en\/wp-json\/wp\/v2\/pages\/506\/revisions\/1983"}],"wp:attachment":[{"href":"https:\/\/www.napakoli.fi\/en\/wp-json\/wp\/v2\/media?parent=506"}],"curies":[{"name":"wp","href":"https:\/\/api.w.org\/{rel}","templated":true}]}}