{"id":502,"date":"2018-10-05T13:08:14","date_gmt":"2018-10-05T10:08:14","guid":{"rendered":"https:\/\/www.napakoli.fi\/keskus\/"},"modified":"2019-08-15T12:41:29","modified_gmt":"2019-08-15T09:41:29","slug":"company","status":"publish","type":"page","link":"https:\/\/www.napakoli.fi\/en\/company\/","title":{"rendered":"Company"},"content":{"rendered":"<p>[et_pb_section fb_built=&#8221;1&#8243; fullwidth=&#8221;on&#8221; _builder_version=&#8221;3.22.3&#8243;][et_pb_fullwidth_slider show_image_video_mobile=&#8221;on&#8221; _builder_version=&#8221;3.22.4&#8243; background_size=&#8221;initial&#8221; background_position=&#8221;top_left&#8221; background_repeat=&#8221;repeat&#8221; animation_style=&#8221;fade&#8221; auto=&#8221;on&#8221; button_text_size__hover_enabled=&#8221;off&#8221; button_one_text_size__hover_enabled=&#8221;off&#8221; button_two_text_size__hover_enabled=&#8221;off&#8221; button_text_color__hover_enabled=&#8221;off&#8221; button_one_text_color__hover_enabled=&#8221;off&#8221; button_two_text_color__hover_enabled=&#8221;off&#8221; button_border_width__hover_enabled=&#8221;off&#8221; button_one_border_width__hover_enabled=&#8221;off&#8221; button_two_border_width__hover_enabled=&#8221;off&#8221; button_border_color__hover_enabled=&#8221;off&#8221; button_one_border_color__hover_enabled=&#8221;off&#8221; button_two_border_color__hover_enabled=&#8221;off&#8221; button_border_radius__hover_enabled=&#8221;off&#8221; button_one_border_radius__hover_enabled=&#8221;off&#8221; button_two_border_radius__hover_enabled=&#8221;off&#8221; button_letter_spacing__hover_enabled=&#8221;off&#8221; button_one_letter_spacing__hover_enabled=&#8221;off&#8221; button_two_letter_spacing__hover_enabled=&#8221;off&#8221; button_bg_color__hover_enabled=&#8221;off&#8221; button_one_bg_color__hover_enabled=&#8221;off&#8221; button_two_bg_color__hover_enabled=&#8221;off&#8221;][et_pb_slide heading=&#8221;RESPONSIBLE&#8221; use_text_overlay=&#8221;on&#8221; text_border_radius=&#8221;3px&#8221; _builder_version=&#8221;3.22.4&#8243; background_image=&#8221;https:\/\/www.napakoli.fi\/wp-content\/uploads\/NK_birch_mv.jpg&#8221; custom_padding=&#8221;|||||true&#8221; custom_padding_tablet=&#8221;||||true|true&#8221; custom_padding_phone=&#8221;||||true|true&#8221; custom_padding_last_edited=&#8221;on|phone&#8221; button_text_size__hover_enabled=&#8221;off&#8221; button_one_text_size__hover_enabled=&#8221;off&#8221; button_two_text_size__hover_enabled=&#8221;off&#8221; button_text_color__hover_enabled=&#8221;off&#8221; button_one_text_color__hover_enabled=&#8221;off&#8221; button_two_text_color__hover_enabled=&#8221;off&#8221; button_border_width__hover_enabled=&#8221;off&#8221; button_one_border_width__hover_enabled=&#8221;off&#8221; button_two_border_width__hover_enabled=&#8221;off&#8221; button_border_color__hover_enabled=&#8221;off&#8221; button_one_border_color__hover_enabled=&#8221;off&#8221; button_two_border_color__hover_enabled=&#8221;off&#8221; button_border_radius__hover_enabled=&#8221;off&#8221; button_one_border_radius__hover_enabled=&#8221;off&#8221; button_two_border_radius__hover_enabled=&#8221;off&#8221; button_letter_spacing__hover_enabled=&#8221;off&#8221; button_one_letter_spacing__hover_enabled=&#8221;off&#8221; button_two_letter_spacing__hover_enabled=&#8221;off&#8221; button_bg_color__hover_enabled=&#8221;off&#8221; button_one_bg_color__hover_enabled=&#8221;off&#8221; button_two_bg_color__hover_enabled=&#8221;off&#8221;]<\/p>\n<p>tourism and construction<\/p>\n<p>[\/et_pb_slide][et_pb_slide heading=&#8221;RESPONSIBLE &#8221; _builder_version=&#8221;3.22.4&#8243; background_image=&#8221;https:\/\/www.napakoli.fi\/wp-content\/uploads\/NK_birch.jpg&#8221; custom_padding=&#8221;||||true&#8221; custom_padding_last_edited=&#8221;on|phone&#8221; button_text_size__hover_enabled=&#8221;off&#8221; button_one_text_size__hover_enabled=&#8221;off&#8221; button_two_text_size__hover_enabled=&#8221;off&#8221; button_text_color__hover_enabled=&#8221;off&#8221; button_one_text_color__hover_enabled=&#8221;off&#8221; button_two_text_color__hover_enabled=&#8221;off&#8221; button_border_width__hover_enabled=&#8221;off&#8221; button_one_border_width__hover_enabled=&#8221;off&#8221; button_two_border_width__hover_enabled=&#8221;off&#8221; button_border_color__hover_enabled=&#8221;off&#8221; button_one_border_color__hover_enabled=&#8221;off&#8221; button_two_border_color__hover_enabled=&#8221;off&#8221; button_border_radius__hover_enabled=&#8221;off&#8221; button_one_border_radius__hover_enabled=&#8221;off&#8221; button_two_border_radius__hover_enabled=&#8221;off&#8221; button_letter_spacing__hover_enabled=&#8221;off&#8221; button_one_letter_spacing__hover_enabled=&#8221;off&#8221; button_two_letter_spacing__hover_enabled=&#8221;off&#8221; button_bg_color__hover_enabled=&#8221;off&#8221; button_one_bg_color__hover_enabled=&#8221;off&#8221; button_two_bg_color__hover_enabled=&#8221;off&#8221;]<\/p>\n<p>tourism and construction<\/p>\n<p>[\/et_pb_slide][\/et_pb_fullwidth_slider][\/et_pb_section][et_pb_section fb_built=&#8221;1&#8243; inner_shadow=&#8221;on&#8221; admin_label=&#8221;section&#8221; _builder_version=&#8221;3.22.3&#8243; custom_padding=&#8221;14px|0px|11px|0px|false|false&#8221;][et_pb_row column_structure=&#8221;1_2,1_2&#8243; padding_top_bottom_link_1=&#8221;true&#8221; padding_left_right_link_1=&#8221;true&#8221; _builder_version=&#8221;3.25&#8243; custom_margin=&#8221;||||true|true&#8221; custom_padding=&#8221;||||true|true&#8221;][et_pb_column type=&#8221;1_2&#8243; _builder_version=&#8221;3.25&#8243; custom_padding=&#8221;|||&#8221; custom_padding__hover=&#8221;|||&#8221;][et_pb_text _builder_version=&#8221;3.22.4&#8243; custom_padding=&#8221;||0px|||&#8221;]<\/p>\n<p>Napa-Koli Oy is a Finnish family business specialized in sustainable tourism and construction. The company&#8217;s headquarters are in Southern Finland, Hyvink\u00e4\u00e4, but its roots are in Finnish Lakeland, in the landscape of the world famous Koli National Park.\u00a0<\/p>\n<p>The company has carried out group trips in Lakeland for several years. It acts as a developer and major shareholder in <strong>Koli Cultura<\/strong>, an investment property and becoming center of responsible nature tourism.\u00a0<\/p>\n<p>[\/et_pb_text][\/et_pb_column][et_pb_column type=&#8221;1_2&#8243; _builder_version=&#8221;3.25&#8243; custom_padding=&#8221;|||&#8221; custom_padding__hover=&#8221;|||&#8221;][et_pb_text _builder_version=&#8221;3.22.4&#8243;]<\/p>\n<p>In addition to tourism development, Napa-Koli carries out construction and renovation projects in the Helsinki area &#8211; and around Finland.\u00a0References include Laajasalo Church, Pit\u00e4j\u00e4nm\u00e4ki Church, two service houses, the renovation of the British Embassy in Finland, Suomenlinna and several value apartments.<\/p>\n<p><span style=\"font-size: 14px;\">In construction and renovation projects, the company cooperates with its sister company <strong>Arikoli<\/strong>. The main owner of both is mr <strong>Ari Uusikangas<\/strong>.<\/span><\/p>\n<p>[\/et_pb_text][\/et_pb_column][\/et_pb_row][\/et_pb_section][et_pb_section fb_built=&#8221;1&#8243; _builder_version=&#8221;3.22&#8243; custom_padding=&#8221;54px|0|54px|0px|false|false&#8221; top_divider_style=&#8221;arrow&#8221; top_divider_color=&#8221;rgba(0,0,0,0.02)&#8221; top_divider_height=&#8221;59px&#8221;][et_pb_row column_structure=&#8221;1_2,1_2&#8243; _builder_version=&#8221;3.25&#8243; custom_padding=&#8221;27px|0px|27px|0px|false|false&#8221;][et_pb_column type=&#8221;1_2&#8243; _builder_version=&#8221;3.25&#8243; custom_padding=&#8221;|||&#8221; custom_padding__hover=&#8221;|||&#8221;][et_pb_text _builder_version=&#8221;3.22.4&#8243; custom_padding=&#8221;0px|||1px||&#8221; link_option_url=&#8221;http:\/\/www.kolicultura.fi\/en&#8221; link_option_url_new_window=&#8221;on&#8221;]<\/p>\n<h2><strong>Investment property Koli Cultura<\/strong><\/h2>\n<p><strong><\/strong><\/p>\n<p>[\/et_pb_text][et_pb_image src=&#8221;https:\/\/www.napakoli.fi\/wp-content\/uploads\/Arkkitehtuuri-banneri-I.jpg&#8221; url=&#8221;http:\/\/www.kolicultura.fi\/en&#8221; url_new_window=&#8221;on&#8221; align_tablet=&#8221;center&#8221; align_last_edited=&#8221;on|desktop&#8221; _builder_version=&#8221;3.23&#8243;]<\/p>\n<p>&nbsp;<\/p>\n<p>[\/et_pb_image][et_pb_text _builder_version=&#8221;3.22.4&#8243; custom_padding=&#8221;|||1px||&#8221;]<\/p>\n<p>An investment destination and becoming center for responsible nature tourism. Located in the middle of the most beautiful Finnish Lakeland. Right next to the world famous Koli National Park, with over 15% annual growth.<\/p>\n<p>[\/et_pb_text][et_pb_button button_url=&#8221;http:\/\/www.kolicultura.fi\/en&#8221; url_new_window=&#8221;on&#8221; button_text=&#8221;Read more&#8221; button_alignment=&#8221;left&#8221; _builder_version=&#8221;3.22.4&#8243; custom_button=&#8221;on&#8221; button_text_size=&#8221;12px&#8221; button_text_color=&#8221;#474747&#8243; button_border_width=&#8221;0px&#8221; button_font=&#8221;|700|||||||&#8221; button_icon=&#8221;%%28%%&#8221; box_shadow_style=&#8221;preset3&#8243; custom_padding=&#8221;|40px||40px&#8221; animation_style=&#8221;fold&#8221; button_text_size_last_edited=&#8221;on|desktop&#8221; button_text_size__hover_enabled=&#8221;off&#8221; button_one_text_size__hover_enabled=&#8221;off&#8221; button_two_text_size__hover_enabled=&#8221;off&#8221; button_text_color__hover_enabled=&#8221;off&#8221; button_one_text_color__hover_enabled=&#8221;off&#8221; button_two_text_color__hover_enabled=&#8221;off&#8221; button_border_width__hover_enabled=&#8221;off&#8221; button_one_border_width__hover_enabled=&#8221;off&#8221; button_two_border_width__hover_enabled=&#8221;off&#8221; button_border_color__hover_enabled=&#8221;off&#8221; button_one_border_color__hover_enabled=&#8221;off&#8221; button_two_border_color__hover_enabled=&#8221;off&#8221; button_border_radius__hover_enabled=&#8221;off&#8221; button_one_border_radius__hover_enabled=&#8221;off&#8221; button_two_border_radius__hover_enabled=&#8221;off&#8221; button_letter_spacing__hover_enabled=&#8221;off&#8221; button_one_letter_spacing__hover_enabled=&#8221;off&#8221; button_two_letter_spacing__hover_enabled=&#8221;off&#8221; button_bg_color__hover_enabled=&#8221;off&#8221; button_one_bg_color__hover_enabled=&#8221;off&#8221; button_two_bg_color__hover_enabled=&#8221;off&#8221;]<\/p>\n<p>&nbsp;<\/p>\n<p>[\/et_pb_button][\/et_pb_column][et_pb_column type=&#8221;1_2&#8243; _builder_version=&#8221;3.25&#8243; custom_padding=&#8221;|||&#8221; custom_padding__hover=&#8221;|||&#8221;][et_pb_text _builder_version=&#8221;3.22.4&#8243; link_option_url=&#8221;http:\/\/www.arikoli.fi&#8221; link_option_url_new_window=&#8221;on&#8221;]<\/p>\n<h2><strong>Check out our sister company<\/strong><\/h2>\n<p>[\/et_pb_text][et_pb_image src=&#8221;https:\/\/www.napakoli.fi\/wp-content\/uploads\/Arikoli.jpg&#8221; url=&#8221;http:\/\/www.arikoli.fi&#8221; url_new_window=&#8221;on&#8221; align_tablet=&#8221;center&#8221; align_last_edited=&#8221;on|desktop&#8221; _builder_version=&#8221;3.23&#8243;]<\/p>\n<p>&nbsp;<\/p>\n<p>[\/et_pb_image][et_pb_text _builder_version=&#8221;3.22.4&#8243;]<\/p>\n<pre class=\"tw-data-text tw-ta tw-text-small\" data-placeholder=\"K\u00e4\u00e4nn\u00f6s\" id=\"tw-target-text\" data-fulltext=\"\" dir=\"ltr\"><span face=\"Open Sans, Arial, sans-serif\" style=\"font-family: 'Open Sans', Arial, sans-serif;\"><\/span><\/pre>\n<p>Construction company Arikoli is a top expert in valuable real estate and sustainable construction. A company that renovates old and builds new ones. It has been building responsibly and successfully for over 15 years.<\/p>\n<p>[\/et_pb_text][et_pb_button button_url=&#8221;http:\/\/www.arikoli.fi&#8221; url_new_window=&#8221;on&#8221; button_text=&#8221;Read more&#8221; button_alignment=&#8221;left&#8221; _builder_version=&#8221;3.22.4&#8243; custom_button=&#8221;on&#8221; button_text_size=&#8221;12px&#8221; button_text_color=&#8221;#474747&#8243; button_border_width=&#8221;0px&#8221; button_font=&#8221;|700|||||||&#8221; button_icon=&#8221;%%28%%&#8221; box_shadow_style=&#8221;preset3&#8243; custom_padding=&#8221;|40px||40px&#8221; animation_style=&#8221;fold&#8221; button_text_size_last_edited=&#8221;on|desktop&#8221; button_text_size__hover_enabled=&#8221;off&#8221; button_one_text_size__hover_enabled=&#8221;off&#8221; button_two_text_size__hover_enabled=&#8221;off&#8221; button_text_color__hover_enabled=&#8221;off&#8221; button_one_text_color__hover_enabled=&#8221;off&#8221; button_two_text_color__hover_enabled=&#8221;off&#8221; button_border_width__hover_enabled=&#8221;off&#8221; button_one_border_width__hover_enabled=&#8221;off&#8221; button_two_border_width__hover_enabled=&#8221;off&#8221; button_border_color__hover_enabled=&#8221;off&#8221; button_one_border_color__hover_enabled=&#8221;off&#8221; button_two_border_color__hover_enabled=&#8221;off&#8221; button_border_radius__hover_enabled=&#8221;off&#8221; button_one_border_radius__hover_enabled=&#8221;off&#8221; button_two_border_radius__hover_enabled=&#8221;off&#8221; button_letter_spacing__hover_enabled=&#8221;off&#8221; button_one_letter_spacing__hover_enabled=&#8221;off&#8221; button_two_letter_spacing__hover_enabled=&#8221;off&#8221; button_bg_color__hover_enabled=&#8221;off&#8221; button_one_bg_color__hover_enabled=&#8221;off&#8221; button_two_bg_color__hover_enabled=&#8221;off&#8221;]<\/p>\n<p>&nbsp;<\/p>\n<p>[\/et_pb_button][\/et_pb_column][\/et_pb_row][\/et_pb_section]<\/p>\n","protected":false},"excerpt":{"rendered":"<p>tourism and constructiontourism and constructionNapa-Koli Oy is a Finnish family business specialized in sustainable tourism and construction. The company&#8217;s headquarters are in Southern Finland, Hyvink\u00e4\u00e4, but its roots are in Finnish Lakeland, in the landscape of the world famous Koli National Park.\u00a0 The company has carried out group trips in Lakeland for several years. It [&hellip;]<\/p>\n","protected":false},"author":1,"featured_media":0,"parent":0,"menu_order":0,"comment_status":"closed","ping_status":"closed","template":"","meta":{"_et_pb_use_builder":"on","_et_pb_old_content":"","_et_gb_content_width":"","footnotes":""},"class_list":["post-502","page","type-page","status-publish","hentry"],"yoast_head":"<!-- This site is optimized with the Yoast SEO plugin v27.1.1 - https:\/\/yoast.com\/product\/yoast-seo-wordpress\/ -->\n<title>Napa-Koli Oy - responsible tourism and construction.<\/title>\n<meta name=\"description\" content=\"Napa-Koli Oy is a Finnish family business specialized in sustainable tourism and construction. The company\u2019s headquarters are in Southern Finland, Hyvink\u00e4\u00e4.\" \/>\n<meta name=\"robots\" content=\"index, follow, max-snippet:-1, max-image-preview:large, max-video-preview:-1\" \/>\n<link rel=\"canonical\" href=\"https:\/\/www.napakoli.fi\/en\/company\/\" \/>\n<meta property=\"og:locale\" content=\"en_US\" \/>\n<meta property=\"og:type\" content=\"article\" \/>\n<meta property=\"og:title\" content=\"Napa-Koli Oy - responsible tourism and construction.\" \/>\n<meta property=\"og:description\" content=\"Napa-Koli Oy is a Finnish family business specialized in sustainable tourism and construction. The company\u2019s headquarters are in Southern Finland, Hyvink\u00e4\u00e4.\" \/>\n<meta property=\"og:url\" content=\"https:\/\/www.napakoli.fi\/en\/company\/\" \/>\n<meta property=\"og:site_name\" content=\"Napa-Koli Oy\" \/>\n<meta property=\"article:publisher\" content=\"https:\/\/www.facebook.com\/kolicultura\/\" \/>\n<meta property=\"article:modified_time\" content=\"2019-08-15T09:41:29+00:00\" \/>\n<meta name=\"twitter:label1\" content=\"Est. reading time\" \/>\n\t<meta name=\"twitter:data1\" content=\"7 minutes\" \/>\n<script type=\"application\/ld+json\" class=\"yoast-schema-graph\">{\"@context\":\"https:\/\/schema.org\",\"@graph\":[{\"@type\":\"WebPage\",\"@id\":\"https:\/\/www.napakoli.fi\/en\/company\/\",\"url\":\"https:\/\/www.napakoli.fi\/en\/company\/\",\"name\":\"Napa-Koli Oy - responsible tourism and construction.\",\"isPartOf\":{\"@id\":\"https:\/\/www.napakoli.fi\/#website\"},\"datePublished\":\"2018-10-05T10:08:14+00:00\",\"dateModified\":\"2019-08-15T09:41:29+00:00\",\"description\":\"Napa-Koli Oy is a Finnish family business specialized in sustainable tourism and construction. The company\u2019s headquarters are in Southern Finland, Hyvink\u00e4\u00e4.\",\"breadcrumb\":{\"@id\":\"https:\/\/www.napakoli.fi\/en\/company\/#breadcrumb\"},\"inLanguage\":\"en-US\",\"potentialAction\":[{\"@type\":\"ReadAction\",\"target\":[\"https:\/\/www.napakoli.fi\/en\/company\/\"]}]},{\"@type\":\"BreadcrumbList\",\"@id\":\"https:\/\/www.napakoli.fi\/en\/company\/#breadcrumb\",\"itemListElement\":[{\"@type\":\"ListItem\",\"position\":1,\"name\":\"Home\",\"item\":\"https:\/\/www.napakoli.fi\/\"},{\"@type\":\"ListItem\",\"position\":2,\"name\":\"Company\"}]},{\"@type\":\"WebSite\",\"@id\":\"https:\/\/www.napakoli.fi\/#website\",\"url\":\"https:\/\/www.napakoli.fi\/\",\"name\":\"Napa-Koli Oy\",\"description\":\"Kest\u00e4v\u00e4n rakentamisen ja matkailun tekij\u00e4\",\"publisher\":{\"@id\":\"https:\/\/www.napakoli.fi\/#organization\"},\"potentialAction\":[{\"@type\":\"SearchAction\",\"target\":{\"@type\":\"EntryPoint\",\"urlTemplate\":\"https:\/\/www.napakoli.fi\/?s={search_term_string}\"},\"query-input\":{\"@type\":\"PropertyValueSpecification\",\"valueRequired\":true,\"valueName\":\"search_term_string\"}}],\"inLanguage\":\"en-US\"},{\"@type\":\"Organization\",\"@id\":\"https:\/\/www.napakoli.fi\/#organization\",\"name\":\"Napakoli Oy\",\"url\":\"https:\/\/www.napakoli.fi\/\",\"logo\":{\"@type\":\"ImageObject\",\"inLanguage\":\"en-US\",\"@id\":\"https:\/\/www.napakoli.fi\/#\/schema\/logo\/image\/\",\"url\":\"https:\/\/www.napakoli.fi\/wp-content\/uploads\/2018\/09\/logo.jpg\",\"contentUrl\":\"https:\/\/www.napakoli.fi\/wp-content\/uploads\/2018\/09\/logo.jpg\",\"width\":315,\"height\":31,\"caption\":\"Napakoli Oy\"},\"image\":{\"@id\":\"https:\/\/www.napakoli.fi\/#\/schema\/logo\/image\/\"},\"sameAs\":[\"https:\/\/www.facebook.com\/kolicultura\/\",\"https:\/\/www.instagram.com\/napakoli\/?hl=fi\"]}]}<\/script>\n<!-- \/ Yoast SEO plugin. -->","yoast_head_json":{"title":"Napa-Koli Oy - responsible tourism and construction.","description":"Napa-Koli Oy is a Finnish family business specialized in sustainable tourism and construction. The company\u2019s headquarters are in Southern Finland, Hyvink\u00e4\u00e4.","robots":{"index":"index","follow":"follow","max-snippet":"max-snippet:-1","max-image-preview":"max-image-preview:large","max-video-preview":"max-video-preview:-1"},"canonical":"https:\/\/www.napakoli.fi\/en\/company\/","og_locale":"en_US","og_type":"article","og_title":"Napa-Koli Oy - responsible tourism and construction.","og_description":"Napa-Koli Oy is a Finnish family business specialized in sustainable tourism and construction. The company\u2019s headquarters are in Southern Finland, Hyvink\u00e4\u00e4.","og_url":"https:\/\/www.napakoli.fi\/en\/company\/","og_site_name":"Napa-Koli Oy","article_publisher":"https:\/\/www.facebook.com\/kolicultura\/","article_modified_time":"2019-08-15T09:41:29+00:00","twitter_misc":{"Est. reading time":"7 minutes"},"schema":{"@context":"https:\/\/schema.org","@graph":[{"@type":"WebPage","@id":"https:\/\/www.napakoli.fi\/en\/company\/","url":"https:\/\/www.napakoli.fi\/en\/company\/","name":"Napa-Koli Oy - responsible tourism and construction.","isPartOf":{"@id":"https:\/\/www.napakoli.fi\/#website"},"datePublished":"2018-10-05T10:08:14+00:00","dateModified":"2019-08-15T09:41:29+00:00","description":"Napa-Koli Oy is a Finnish family business specialized in sustainable tourism and construction. The company\u2019s headquarters are in Southern Finland, Hyvink\u00e4\u00e4.","breadcrumb":{"@id":"https:\/\/www.napakoli.fi\/en\/company\/#breadcrumb"},"inLanguage":"en-US","potentialAction":[{"@type":"ReadAction","target":["https:\/\/www.napakoli.fi\/en\/company\/"]}]},{"@type":"BreadcrumbList","@id":"https:\/\/www.napakoli.fi\/en\/company\/#breadcrumb","itemListElement":[{"@type":"ListItem","position":1,"name":"Home","item":"https:\/\/www.napakoli.fi\/"},{"@type":"ListItem","position":2,"name":"Company"}]},{"@type":"WebSite","@id":"https:\/\/www.napakoli.fi\/#website","url":"https:\/\/www.napakoli.fi\/","name":"Napa-Koli Oy","description":"Kest\u00e4v\u00e4n rakentamisen ja matkailun tekij\u00e4","publisher":{"@id":"https:\/\/www.napakoli.fi\/#organization"},"potentialAction":[{"@type":"SearchAction","target":{"@type":"EntryPoint","urlTemplate":"https:\/\/www.napakoli.fi\/?s={search_term_string}"},"query-input":{"@type":"PropertyValueSpecification","valueRequired":true,"valueName":"search_term_string"}}],"inLanguage":"en-US"},{"@type":"Organization","@id":"https:\/\/www.napakoli.fi\/#organization","name":"Napakoli Oy","url":"https:\/\/www.napakoli.fi\/","logo":{"@type":"ImageObject","inLanguage":"en-US","@id":"https:\/\/www.napakoli.fi\/#\/schema\/logo\/image\/","url":"https:\/\/www.napakoli.fi\/wp-content\/uploads\/2018\/09\/logo.jpg","contentUrl":"https:\/\/www.napakoli.fi\/wp-content\/uploads\/2018\/09\/logo.jpg","width":315,"height":31,"caption":"Napakoli Oy"},"image":{"@id":"https:\/\/www.napakoli.fi\/#\/schema\/logo\/image\/"},"sameAs":["https:\/\/www.facebook.com\/kolicultura\/","https:\/\/www.instagram.com\/napakoli\/?hl=fi"]}]}},"_links":{"self":[{"href":"https:\/\/www.napakoli.fi\/en\/wp-json\/wp\/v2\/pages\/502","targetHints":{"allow":["GET"]}}],"collection":[{"href":"https:\/\/www.napakoli.fi\/en\/wp-json\/wp\/v2\/pages"}],"about":[{"href":"https:\/\/www.napakoli.fi\/en\/wp-json\/wp\/v2\/types\/page"}],"author":[{"embeddable":true,"href":"https:\/\/www.napakoli.fi\/en\/wp-json\/wp\/v2\/users\/1"}],"replies":[{"embeddable":true,"href":"https:\/\/www.napakoli.fi\/en\/wp-json\/wp\/v2\/comments?post=502"}],"version-history":[{"count":2,"href":"https:\/\/www.napakoli.fi\/en\/wp-json\/wp\/v2\/pages\/502\/revisions"}],"predecessor-version":[{"id":1971,"href":"https:\/\/www.napakoli.fi\/en\/wp-json\/wp\/v2\/pages\/502\/revisions\/1971"}],"wp:attachment":[{"href":"https:\/\/www.napakoli.fi\/en\/wp-json\/wp\/v2\/media?parent=502"}],"curies":[{"name":"wp","href":"https:\/\/api.w.org\/{rel}","templated":true}]}}