{"id":496,"date":"2018-09-18T11:10:39","date_gmt":"2018-09-18T08:10:39","guid":{"rendered":"https:\/\/www.napakoli.fi\/projekti\/"},"modified":"2019-08-15T12:44:56","modified_gmt":"2019-08-15T09:44:56","slug":"projects","status":"publish","type":"page","link":"https:\/\/www.napakoli.fi\/en\/projects\/","title":{"rendered":"Projects"},"content":{"rendered":"<p>[et_pb_section fb_built=&#8221;1&#8243; fullwidth=&#8221;on&#8221; _builder_version=&#8221;3.22.3&#8243;][et_pb_fullwidth_slider show_image_video_mobile=&#8221;on&#8221; _builder_version=&#8221;3.22.4&#8243; animation_style=&#8221;fade&#8221; auto=&#8221;on&#8221; button_text_size__hover_enabled=&#8221;off&#8221; button_text_size__hover=&#8221;null&#8221; button_one_text_size__hover_enabled=&#8221;off&#8221; button_one_text_size__hover=&#8221;null&#8221; button_two_text_size__hover_enabled=&#8221;off&#8221; button_two_text_size__hover=&#8221;null&#8221; button_text_color__hover_enabled=&#8221;off&#8221; button_text_color__hover=&#8221;null&#8221; button_one_text_color__hover_enabled=&#8221;off&#8221; button_one_text_color__hover=&#8221;null&#8221; button_two_text_color__hover_enabled=&#8221;off&#8221; button_two_text_color__hover=&#8221;null&#8221; button_border_width__hover_enabled=&#8221;off&#8221; button_border_width__hover=&#8221;null&#8221; button_one_border_width__hover_enabled=&#8221;off&#8221; button_one_border_width__hover=&#8221;null&#8221; button_two_border_width__hover_enabled=&#8221;off&#8221; button_two_border_width__hover=&#8221;null&#8221; button_border_color__hover_enabled=&#8221;off&#8221; button_border_color__hover=&#8221;null&#8221; button_one_border_color__hover_enabled=&#8221;off&#8221; button_one_border_color__hover=&#8221;null&#8221; button_two_border_color__hover_enabled=&#8221;off&#8221; button_two_border_color__hover=&#8221;null&#8221; button_border_radius__hover_enabled=&#8221;off&#8221; button_border_radius__hover=&#8221;null&#8221; button_one_border_radius__hover_enabled=&#8221;off&#8221; button_one_border_radius__hover=&#8221;null&#8221; button_two_border_radius__hover_enabled=&#8221;off&#8221; button_two_border_radius__hover=&#8221;null&#8221; button_letter_spacing__hover_enabled=&#8221;off&#8221; button_letter_spacing__hover=&#8221;null&#8221; button_one_letter_spacing__hover_enabled=&#8221;off&#8221; button_one_letter_spacing__hover=&#8221;null&#8221; button_two_letter_spacing__hover_enabled=&#8221;off&#8221; button_two_letter_spacing__hover=&#8221;null&#8221; button_bg_color__hover_enabled=&#8221;off&#8221; button_bg_color__hover=&#8221;null&#8221; button_one_bg_color__hover_enabled=&#8221;off&#8221; button_one_bg_color__hover=&#8221;null&#8221; button_two_bg_color__hover_enabled=&#8221;off&#8221; button_two_bg_color__hover=&#8221;null&#8221;][et_pb_slide heading=&#8221;TOP DESTINATIONS&#8221; use_text_overlay=&#8221;on&#8221; text_border_radius=&#8221;3px&#8221; _builder_version=&#8221;3.22.4&#8243; background_image=&#8221;https:\/\/www.napakoli.fi\/wp-content\/uploads\/Piirros_banneri.jpg&#8221; custom_padding=&#8221;|||||true&#8221; custom_padding_tablet=&#8221;||||true|true&#8221; custom_padding_phone=&#8221;||||true|true&#8221; custom_padding_last_edited=&#8221;on|phone&#8221; button_text_size__hover_enabled=&#8221;off&#8221; button_one_text_size__hover_enabled=&#8221;off&#8221; button_two_text_size__hover_enabled=&#8221;off&#8221; button_text_color__hover_enabled=&#8221;off&#8221; button_one_text_color__hover_enabled=&#8221;off&#8221; button_two_text_color__hover_enabled=&#8221;off&#8221; button_border_width__hover_enabled=&#8221;off&#8221; button_one_border_width__hover_enabled=&#8221;off&#8221; button_two_border_width__hover_enabled=&#8221;off&#8221; button_border_color__hover_enabled=&#8221;off&#8221; button_one_border_color__hover_enabled=&#8221;off&#8221; button_two_border_color__hover_enabled=&#8221;off&#8221; button_border_radius__hover_enabled=&#8221;off&#8221; button_one_border_radius__hover_enabled=&#8221;off&#8221; button_two_border_radius__hover_enabled=&#8221;off&#8221; button_letter_spacing__hover_enabled=&#8221;off&#8221; button_one_letter_spacing__hover_enabled=&#8221;off&#8221; button_two_letter_spacing__hover_enabled=&#8221;off&#8221; button_bg_color__hover_enabled=&#8221;off&#8221; button_one_bg_color__hover_enabled=&#8221;off&#8221; button_two_bg_color__hover_enabled=&#8221;off&#8221;]<\/p>\n<p>from 1996<\/p>\n<p>[\/et_pb_slide][et_pb_slide heading=&#8221;TOP DESTINATIONS&#8221; _builder_version=&#8221;3.22.4&#8243; background_image=&#8221;https:\/\/www.napakoli.fi\/wp-content\/uploads\/Piirros_banneri-1.jpg&#8221; custom_padding=&#8221;||||true&#8221; custom_padding_last_edited=&#8221;on|phone&#8221; button_text_size__hover_enabled=&#8221;off&#8221; button_one_text_size__hover_enabled=&#8221;off&#8221; button_two_text_size__hover_enabled=&#8221;off&#8221; button_text_color__hover_enabled=&#8221;off&#8221; button_one_text_color__hover_enabled=&#8221;off&#8221; button_two_text_color__hover_enabled=&#8221;off&#8221; button_border_width__hover_enabled=&#8221;off&#8221; button_one_border_width__hover_enabled=&#8221;off&#8221; button_two_border_width__hover_enabled=&#8221;off&#8221; button_border_color__hover_enabled=&#8221;off&#8221; button_one_border_color__hover_enabled=&#8221;off&#8221; button_two_border_color__hover_enabled=&#8221;off&#8221; button_border_radius__hover_enabled=&#8221;off&#8221; button_one_border_radius__hover_enabled=&#8221;off&#8221; button_two_border_radius__hover_enabled=&#8221;off&#8221; button_letter_spacing__hover_enabled=&#8221;off&#8221; button_one_letter_spacing__hover_enabled=&#8221;off&#8221; button_two_letter_spacing__hover_enabled=&#8221;off&#8221; button_bg_color__hover_enabled=&#8221;off&#8221; button_one_bg_color__hover_enabled=&#8221;off&#8221; button_two_bg_color__hover_enabled=&#8221;off&#8221;]<\/p>\n<p>from 1996<\/p>\n<p>[\/et_pb_slide][\/et_pb_fullwidth_slider][\/et_pb_section][et_pb_section fb_built=&#8221;1&#8243; inner_shadow=&#8221;on&#8221; admin_label=&#8221;section&#8221; _builder_version=&#8221;3.22.3&#8243; custom_padding=&#8221;14px|0px|11px|0px|false|false&#8221;][et_pb_row padding_top_bottom_link_1=&#8221;true&#8221; padding_left_right_link_1=&#8221;true&#8221; _builder_version=&#8221;3.25&#8243; custom_margin=&#8221;||||true|true&#8221; custom_padding=&#8221;||||true|true&#8221;][et_pb_column type=&#8221;4_4&#8243; _builder_version=&#8221;3.25&#8243; custom_padding=&#8221;|||&#8221; custom_padding__hover=&#8221;|||&#8221;][et_pb_text _builder_version=&#8221;3.22.4&#8243;]<\/p>\n<p><strong>CHECK OUT OUR REFERENCES<\/strong><\/p>\n<p><strong>Tourism<\/strong><\/p>\n<ul>\n<li>Group tours, Finnish Lakeland and Koli National Park<\/li>\n<li>Koli Cultura, an investment property for responsible tourism, next to the Koli National Park, Finnish Lakeland<\/li>\n<\/ul>\n<p><strong>Construction<\/strong><\/p>\n<ul>\n<li>Laajasalo Church, demanding roof structures, work management and technical implementation, Helsinki<\/li>\n<li>Kannelm\u00e4ki sheltered house, renovation, Helsinki<\/li>\n<li>Havum\u00e4entie nursery school, Klaukkala<\/li>\n<li>British Embassy, renovation, Helsinki<\/li>\n<li>Renovation destination in Suomenlinna area, Helsinki<\/li>\n<li>Vaativa KOy Yrj\u00f6nkatu 11, renovation in valuable properties and offices, Helsinki<\/li>\n<li>Apartment house in Lundinkatu, demanding roof sturctures, concrete and custom works, Porvoo<\/li>\n<li>KOy Linnanrakentajantie 4 Herttoniemi, renovation in offices, Helsinki<\/li>\n<li>Pukinm\u00e4ki sheltered house, custom works, Helsinki<\/li>\n<li>Architecturally high standard houses (eg renovation and extension of a residential building of high cultural and historical value), Helsinki<\/li>\n<\/ul>\n<p>The main contractors in construction projects have been RakennusGemini Oy, Lujatalo Oy and few others.<\/p>\n<p>&nbsp;<\/p>\n<p>[\/et_pb_text][\/et_pb_column][\/et_pb_row][\/et_pb_section][et_pb_section fb_built=&#8221;1&#8243; _builder_version=&#8221;3.22&#8243; custom_padding=&#8221;54px|0|54px|0px|false|false&#8221; top_divider_style=&#8221;arrow&#8221; top_divider_color=&#8221;rgba(0,0,0,0.02)&#8221; top_divider_height=&#8221;59px&#8221;][et_pb_row column_structure=&#8221;1_2,1_2&#8243; _builder_version=&#8221;3.25&#8243; custom_padding=&#8221;27px|0px|27px|0px|false|false&#8221;][et_pb_column type=&#8221;1_2&#8243; _builder_version=&#8221;3.25&#8243; custom_padding=&#8221;|||&#8221; custom_padding__hover=&#8221;|||&#8221;][et_pb_text _builder_version=&#8221;3.22.4&#8243; custom_padding=&#8221;0px|||1px||&#8221; link_option_url=&#8221;http:\/\/www.kolicultura.fi\/en&#8221; link_option_url_new_window=&#8221;on&#8221;]<\/p>\n<h2><strong>Investment property Koli Cultura<\/strong><\/h2>\n<p><strong><\/strong><\/p>\n<p>[\/et_pb_text][et_pb_image src=&#8221;https:\/\/www.napakoli.fi\/wp-content\/uploads\/Arkkitehtuuri-banneri-I.jpg&#8221; url=&#8221;http:\/\/www.kolicultura.fi\/en&#8221; url_new_window=&#8221;on&#8221; align_tablet=&#8221;center&#8221; align_last_edited=&#8221;on|desktop&#8221; _builder_version=&#8221;3.23&#8243;]<\/p>\n<p>&nbsp;<\/p>\n<p>[\/et_pb_image][et_pb_text _builder_version=&#8221;3.22.4&#8243; custom_padding=&#8221;|||1px||&#8221;]<\/p>\n<p>An investment destination and becoming center for responsible nature tourism. Located in the middle of the most beautiful Finnish Lakeland. Right next to the world famous Koli National Park, with over 15% annual growth.<\/p>\n<p>[\/et_pb_text][et_pb_button button_url=&#8221;http:\/\/www.kolicultura.fi\/en&#8221; url_new_window=&#8221;on&#8221; button_text=&#8221;Read more&#8221; button_alignment=&#8221;left&#8221; _builder_version=&#8221;3.22.4&#8243; custom_button=&#8221;on&#8221; button_text_size=&#8221;12px&#8221; button_text_color=&#8221;#474747&#8243; button_border_width=&#8221;0px&#8221; button_font=&#8221;|700|||||||&#8221; button_icon=&#8221;%%28%%&#8221; box_shadow_style=&#8221;preset3&#8243; custom_padding=&#8221;|40px||40px&#8221; animation_style=&#8221;fold&#8221; button_text_size_last_edited=&#8221;on|desktop&#8221; button_text_size__hover_enabled=&#8221;off&#8221; button_one_text_size__hover_enabled=&#8221;off&#8221; button_two_text_size__hover_enabled=&#8221;off&#8221; button_text_color__hover_enabled=&#8221;off&#8221; button_one_text_color__hover_enabled=&#8221;off&#8221; button_two_text_color__hover_enabled=&#8221;off&#8221; button_border_width__hover_enabled=&#8221;off&#8221; button_one_border_width__hover_enabled=&#8221;off&#8221; button_two_border_width__hover_enabled=&#8221;off&#8221; button_border_color__hover_enabled=&#8221;off&#8221; button_one_border_color__hover_enabled=&#8221;off&#8221; button_two_border_color__hover_enabled=&#8221;off&#8221; button_border_radius__hover_enabled=&#8221;off&#8221; button_one_border_radius__hover_enabled=&#8221;off&#8221; button_two_border_radius__hover_enabled=&#8221;off&#8221; button_letter_spacing__hover_enabled=&#8221;off&#8221; button_one_letter_spacing__hover_enabled=&#8221;off&#8221; button_two_letter_spacing__hover_enabled=&#8221;off&#8221; button_bg_color__hover_enabled=&#8221;off&#8221; button_one_bg_color__hover_enabled=&#8221;off&#8221; button_two_bg_color__hover_enabled=&#8221;off&#8221;]<\/p>\n<p>&nbsp;<\/p>\n<p>[\/et_pb_button][\/et_pb_column][et_pb_column type=&#8221;1_2&#8243; _builder_version=&#8221;3.25&#8243; custom_padding=&#8221;|||&#8221; custom_padding__hover=&#8221;|||&#8221;][et_pb_text _builder_version=&#8221;3.22.4&#8243; link_option_url=&#8221;http:\/\/www.arikoli.fi&#8221; link_option_url_new_window=&#8221;on&#8221;]<\/p>\n<h2><strong>Check out our sister company<\/strong><\/h2>\n<p>[\/et_pb_text][et_pb_image src=&#8221;https:\/\/www.napakoli.fi\/wp-content\/uploads\/Arikoli.jpg&#8221; url=&#8221;http:\/\/www.arikoli.fi&#8221; url_new_window=&#8221;on&#8221; align_tablet=&#8221;center&#8221; align_last_edited=&#8221;on|desktop&#8221; _builder_version=&#8221;3.23&#8243;]<\/p>\n<p>&nbsp;<\/p>\n<p>[\/et_pb_image][et_pb_text _builder_version=&#8221;3.22.4&#8243;]<\/p>\n<pre class=\"tw-data-text tw-ta tw-text-small\" data-placeholder=\"K\u00e4\u00e4nn\u00f6s\" id=\"tw-target-text\" data-fulltext=\"\" dir=\"ltr\"><span face=\"Open Sans, Arial, sans-serif\" style=\"font-family: 'Open Sans', Arial, sans-serif;\"><\/span><\/pre>\n<p>Construction company Arikoli is a top expert in valuable real estate and sustainable construction. A company that renovates old and builds new ones. It has been building responsibly and successfully for over 15 years.<\/p>\n<p>[\/et_pb_text][et_pb_button button_url=&#8221;http:\/\/www.arikoli.fi&#8221; url_new_window=&#8221;on&#8221; button_text=&#8221;Read more&#8221; button_alignment=&#8221;left&#8221; _builder_version=&#8221;3.22.4&#8243; custom_button=&#8221;on&#8221; button_text_size=&#8221;12px&#8221; button_text_color=&#8221;#474747&#8243; button_border_width=&#8221;0px&#8221; button_font=&#8221;|700|||||||&#8221; button_icon=&#8221;%%28%%&#8221; box_shadow_style=&#8221;preset3&#8243; custom_padding=&#8221;|40px||40px&#8221; animation_style=&#8221;fold&#8221; button_text_size_last_edited=&#8221;on|desktop&#8221; button_text_size__hover_enabled=&#8221;off&#8221; button_one_text_size__hover_enabled=&#8221;off&#8221; button_two_text_size__hover_enabled=&#8221;off&#8221; button_text_color__hover_enabled=&#8221;off&#8221; button_one_text_color__hover_enabled=&#8221;off&#8221; button_two_text_color__hover_enabled=&#8221;off&#8221; button_border_width__hover_enabled=&#8221;off&#8221; button_one_border_width__hover_enabled=&#8221;off&#8221; button_two_border_width__hover_enabled=&#8221;off&#8221; button_border_color__hover_enabled=&#8221;off&#8221; button_one_border_color__hover_enabled=&#8221;off&#8221; button_two_border_color__hover_enabled=&#8221;off&#8221; button_border_radius__hover_enabled=&#8221;off&#8221; button_one_border_radius__hover_enabled=&#8221;off&#8221; button_two_border_radius__hover_enabled=&#8221;off&#8221; button_letter_spacing__hover_enabled=&#8221;off&#8221; button_one_letter_spacing__hover_enabled=&#8221;off&#8221; button_two_letter_spacing__hover_enabled=&#8221;off&#8221; button_bg_color__hover_enabled=&#8221;off&#8221; button_one_bg_color__hover_enabled=&#8221;off&#8221; button_two_bg_color__hover_enabled=&#8221;off&#8221;]<\/p>\n<p>&nbsp;<\/p>\n<p>[\/et_pb_button][\/et_pb_column][\/et_pb_row][\/et_pb_section]<\/p>\n","protected":false},"excerpt":{"rendered":"<p>from 1996from 1996CHECK OUT OUR REFERENCES Tourism Group tours, Finnish Lakeland and Koli National Park Koli Cultura, an investment property for responsible tourism, next to the Koli National Park, Finnish Lakeland Construction Laajasalo Church, demanding roof structures, work management and technical implementation, Helsinki Kannelm\u00e4ki sheltered house, renovation, Helsinki Havum\u00e4entie nursery school, Klaukkala British Embassy, renovation, [&hellip;]<\/p>\n","protected":false},"author":1,"featured_media":0,"parent":0,"menu_order":0,"comment_status":"closed","ping_status":"closed","template":"","meta":{"_et_pb_use_builder":"on","_et_pb_old_content":"","_et_gb_content_width":"","footnotes":""},"class_list":["post-496","page","type-page","status-publish","hentry"],"yoast_head":"<!-- This site is optimized with the Yoast SEO plugin v27.1.1 - https:\/\/yoast.com\/product\/yoast-seo-wordpress\/ -->\n<title>Tourism Group tours, Finnish Lakeland and Koli National Park, construction<\/title>\n<meta name=\"description\" content=\"Our references - Tourism Group tours, Finnish Lakeland and Koli National Park. Koli Cultura, an investment property for responsible tourism. Construction.\" \/>\n<meta name=\"robots\" content=\"index, follow, max-snippet:-1, max-image-preview:large, max-video-preview:-1\" \/>\n<link rel=\"canonical\" href=\"https:\/\/www.napakoli.fi\/en\/projects\/\" \/>\n<meta property=\"og:locale\" content=\"en_US\" \/>\n<meta property=\"og:type\" content=\"article\" \/>\n<meta property=\"og:title\" content=\"Tourism Group tours, Finnish Lakeland and Koli National Park, construction\" \/>\n<meta property=\"og:description\" content=\"Our references - Tourism Group tours, Finnish Lakeland and Koli National Park. Koli Cultura, an investment property for responsible tourism. Construction.\" \/>\n<meta property=\"og:url\" content=\"https:\/\/www.napakoli.fi\/en\/projects\/\" \/>\n<meta property=\"og:site_name\" content=\"Napa-Koli Oy\" \/>\n<meta property=\"article:publisher\" content=\"https:\/\/www.facebook.com\/kolicultura\/\" \/>\n<meta property=\"article:modified_time\" content=\"2019-08-15T09:44:56+00:00\" \/>\n<meta name=\"twitter:label1\" content=\"Est. reading time\" \/>\n\t<meta name=\"twitter:data1\" content=\"8 minutes\" \/>\n<script type=\"application\/ld+json\" class=\"yoast-schema-graph\">{\"@context\":\"https:\/\/schema.org\",\"@graph\":[{\"@type\":\"WebPage\",\"@id\":\"https:\/\/www.napakoli.fi\/en\/projects\/\",\"url\":\"https:\/\/www.napakoli.fi\/en\/projects\/\",\"name\":\"Tourism Group tours, Finnish Lakeland and Koli National Park, construction\",\"isPartOf\":{\"@id\":\"https:\/\/www.napakoli.fi\/#website\"},\"datePublished\":\"2018-09-18T08:10:39+00:00\",\"dateModified\":\"2019-08-15T09:44:56+00:00\",\"description\":\"Our references - Tourism Group tours, Finnish Lakeland and Koli National Park. Koli Cultura, an investment property for responsible tourism. Construction.\",\"breadcrumb\":{\"@id\":\"https:\/\/www.napakoli.fi\/en\/projects\/#breadcrumb\"},\"inLanguage\":\"en-US\",\"potentialAction\":[{\"@type\":\"ReadAction\",\"target\":[\"https:\/\/www.napakoli.fi\/en\/projects\/\"]}]},{\"@type\":\"BreadcrumbList\",\"@id\":\"https:\/\/www.napakoli.fi\/en\/projects\/#breadcrumb\",\"itemListElement\":[{\"@type\":\"ListItem\",\"position\":1,\"name\":\"Home\",\"item\":\"https:\/\/www.napakoli.fi\/\"},{\"@type\":\"ListItem\",\"position\":2,\"name\":\"Projects\"}]},{\"@type\":\"WebSite\",\"@id\":\"https:\/\/www.napakoli.fi\/#website\",\"url\":\"https:\/\/www.napakoli.fi\/\",\"name\":\"Napa-Koli Oy\",\"description\":\"Kest\u00e4v\u00e4n rakentamisen ja matkailun tekij\u00e4\",\"publisher\":{\"@id\":\"https:\/\/www.napakoli.fi\/#organization\"},\"potentialAction\":[{\"@type\":\"SearchAction\",\"target\":{\"@type\":\"EntryPoint\",\"urlTemplate\":\"https:\/\/www.napakoli.fi\/?s={search_term_string}\"},\"query-input\":{\"@type\":\"PropertyValueSpecification\",\"valueRequired\":true,\"valueName\":\"search_term_string\"}}],\"inLanguage\":\"en-US\"},{\"@type\":\"Organization\",\"@id\":\"https:\/\/www.napakoli.fi\/#organization\",\"name\":\"Napakoli Oy\",\"url\":\"https:\/\/www.napakoli.fi\/\",\"logo\":{\"@type\":\"ImageObject\",\"inLanguage\":\"en-US\",\"@id\":\"https:\/\/www.napakoli.fi\/#\/schema\/logo\/image\/\",\"url\":\"https:\/\/www.napakoli.fi\/wp-content\/uploads\/2018\/09\/logo.jpg\",\"contentUrl\":\"https:\/\/www.napakoli.fi\/wp-content\/uploads\/2018\/09\/logo.jpg\",\"width\":315,\"height\":31,\"caption\":\"Napakoli Oy\"},\"image\":{\"@id\":\"https:\/\/www.napakoli.fi\/#\/schema\/logo\/image\/\"},\"sameAs\":[\"https:\/\/www.facebook.com\/kolicultura\/\",\"https:\/\/www.instagram.com\/napakoli\/?hl=fi\"]}]}<\/script>\n<!-- \/ Yoast SEO plugin. -->","yoast_head_json":{"title":"Tourism Group tours, Finnish Lakeland and Koli National Park, construction","description":"Our references - Tourism Group tours, Finnish Lakeland and Koli National Park. Koli Cultura, an investment property for responsible tourism. Construction.","robots":{"index":"index","follow":"follow","max-snippet":"max-snippet:-1","max-image-preview":"max-image-preview:large","max-video-preview":"max-video-preview:-1"},"canonical":"https:\/\/www.napakoli.fi\/en\/projects\/","og_locale":"en_US","og_type":"article","og_title":"Tourism Group tours, Finnish Lakeland and Koli National Park, construction","og_description":"Our references - Tourism Group tours, Finnish Lakeland and Koli National Park. Koli Cultura, an investment property for responsible tourism. Construction.","og_url":"https:\/\/www.napakoli.fi\/en\/projects\/","og_site_name":"Napa-Koli Oy","article_publisher":"https:\/\/www.facebook.com\/kolicultura\/","article_modified_time":"2019-08-15T09:44:56+00:00","twitter_misc":{"Est. reading time":"8 minutes"},"schema":{"@context":"https:\/\/schema.org","@graph":[{"@type":"WebPage","@id":"https:\/\/www.napakoli.fi\/en\/projects\/","url":"https:\/\/www.napakoli.fi\/en\/projects\/","name":"Tourism Group tours, Finnish Lakeland and Koli National Park, construction","isPartOf":{"@id":"https:\/\/www.napakoli.fi\/#website"},"datePublished":"2018-09-18T08:10:39+00:00","dateModified":"2019-08-15T09:44:56+00:00","description":"Our references - Tourism Group tours, Finnish Lakeland and Koli National Park. Koli Cultura, an investment property for responsible tourism. Construction.","breadcrumb":{"@id":"https:\/\/www.napakoli.fi\/en\/projects\/#breadcrumb"},"inLanguage":"en-US","potentialAction":[{"@type":"ReadAction","target":["https:\/\/www.napakoli.fi\/en\/projects\/"]}]},{"@type":"BreadcrumbList","@id":"https:\/\/www.napakoli.fi\/en\/projects\/#breadcrumb","itemListElement":[{"@type":"ListItem","position":1,"name":"Home","item":"https:\/\/www.napakoli.fi\/"},{"@type":"ListItem","position":2,"name":"Projects"}]},{"@type":"WebSite","@id":"https:\/\/www.napakoli.fi\/#website","url":"https:\/\/www.napakoli.fi\/","name":"Napa-Koli Oy","description":"Kest\u00e4v\u00e4n rakentamisen ja matkailun tekij\u00e4","publisher":{"@id":"https:\/\/www.napakoli.fi\/#organization"},"potentialAction":[{"@type":"SearchAction","target":{"@type":"EntryPoint","urlTemplate":"https:\/\/www.napakoli.fi\/?s={search_term_string}"},"query-input":{"@type":"PropertyValueSpecification","valueRequired":true,"valueName":"search_term_string"}}],"inLanguage":"en-US"},{"@type":"Organization","@id":"https:\/\/www.napakoli.fi\/#organization","name":"Napakoli Oy","url":"https:\/\/www.napakoli.fi\/","logo":{"@type":"ImageObject","inLanguage":"en-US","@id":"https:\/\/www.napakoli.fi\/#\/schema\/logo\/image\/","url":"https:\/\/www.napakoli.fi\/wp-content\/uploads\/2018\/09\/logo.jpg","contentUrl":"https:\/\/www.napakoli.fi\/wp-content\/uploads\/2018\/09\/logo.jpg","width":315,"height":31,"caption":"Napakoli Oy"},"image":{"@id":"https:\/\/www.napakoli.fi\/#\/schema\/logo\/image\/"},"sameAs":["https:\/\/www.facebook.com\/kolicultura\/","https:\/\/www.instagram.com\/napakoli\/?hl=fi"]}]}},"_links":{"self":[{"href":"https:\/\/www.napakoli.fi\/en\/wp-json\/wp\/v2\/pages\/496","targetHints":{"allow":["GET"]}}],"collection":[{"href":"https:\/\/www.napakoli.fi\/en\/wp-json\/wp\/v2\/pages"}],"about":[{"href":"https:\/\/www.napakoli.fi\/en\/wp-json\/wp\/v2\/types\/page"}],"author":[{"embeddable":true,"href":"https:\/\/www.napakoli.fi\/en\/wp-json\/wp\/v2\/users\/1"}],"replies":[{"embeddable":true,"href":"https:\/\/www.napakoli.fi\/en\/wp-json\/wp\/v2\/comments?post=496"}],"version-history":[{"count":2,"href":"https:\/\/www.napakoli.fi\/en\/wp-json\/wp\/v2\/pages\/496\/revisions"}],"predecessor-version":[{"id":1972,"href":"https:\/\/www.napakoli.fi\/en\/wp-json\/wp\/v2\/pages\/496\/revisions\/1972"}],"wp:attachment":[{"href":"https:\/\/www.napakoli.fi\/en\/wp-json\/wp\/v2\/media?parent=496"}],"curies":[{"name":"wp","href":"https:\/\/api.w.org\/{rel}","templated":true}]}}